{"id":2,"date":"2024-08-30T13:52:07","date_gmt":"2024-08-30T11:52:07","guid":{"rendered":"http:\/\/www.villa-cocoon-koh-samui.com\/?page_id=2"},"modified":"2025-03-25T23:04:00","modified_gmt":"2025-03-25T22:04:00","slug":"page-d-exemple","status":"publish","type":"page","link":"https:\/\/www.villa-cocoon-koh-samui.com\/?page_id=2","title":{"rendered":"DESCRIPTION\u00a0"},"content":{"rendered":"\n<div class=\"wp-block-buttons is-layout-flex wp-block-buttons-is-layout-flex\">\n<div class=\"wp-block-button\"><a class=\"wp-block-button__link wp-element-button\" href=\"http:\/\/villa-cocoon-koh-samui.com\">Accueil<\/a><\/div>\n<\/div>\n\n\n\n<p class=\"has-contrast-color has-base-background-color has-text-color has-background has-link-color wp-elements-cd435850b10c7318f4d3518986d92a2b\">Situ\u00e9e sur les hauteurs de Chaweng Noi, \u00e0 seulement 1 km de la route principale et de la plage, cette somptueuse villa d&rsquo;architecte de 4 chambres b\u00e9n\u00e9ficie d&rsquo;une vue panoramique exceptionnelle sur la mer et les tropiques. La villa Cocoon s\u00e9duira par son design unique et luxueux, son s\u00e9jour lumineux avec de hauts plafonds, sa d\u00e9coration tendance, sa piscine \u00e0 d\u00e9bordement avec vue sur la mer et son confort haut de gamme. La villa Cocoon est une villa de style Moonshadow con\u00e7ue par Bodin Sritrakul, l&rsquo;un des architectes les plus renomm\u00e9s de l&rsquo;\u00eele ! Avec ses 400 m2 r\u00e9partis sur 2 \u00e9tages pour plus d&rsquo;intimit\u00e9, ce bien est id\u00e9al gr\u00e2ce \u00e0 ses espaces m\u00ealant harmonieusement vie int\u00e9rieure et ext\u00e9rieure. la villa Cocoon est compos\u00e9e d&rsquo;un grand espace de vie avec de grandes baies vitr\u00e9es qui s&rsquo;ouvrent compl\u00e8tement sur l&rsquo;ext\u00e9rieur. Il est compos\u00e9 d&rsquo;un espace ouvert incroyablement spacieux gr\u00e2ce \u00e0 de tr\u00e8s hauts plafonds. Il rassemble un s\u00e9jour cosy et confortable \u00e9quip\u00e9 d&rsquo;une smart TV incurv\u00e9e HQ + box TV (avec toutes les cha\u00eenes et replays), un coin repas, et une cuisine enti\u00e8rement \u00e9quip\u00e9e avec r\u00e9frig\u00e9rateur, lave-vaisselle, four, micro-ondes, machine \u00e0 caf\u00e9 Nespresso, grille-pain\u2026 Tout ce qu&rsquo;il faut pour cuisiner pour 8 personnes. La grande baie vitr\u00e9e vous m\u00e8ne aux am\u00e9nagements ext\u00e9rieurs. Une incroyable piscine d&rsquo;eau sal\u00e9e avec un espace jacuzzi vous attend pour profiter de l&rsquo;ambiance paradisiaque. Des vues incroyables sur la mer sont disponibles depuis chaque pi\u00e8ce de la propri\u00e9t\u00e9. Il y a 4 chambres climatis\u00e9es avec leur propre armoire et salle de bain priv\u00e9es chacune et un acc\u00e8s direct \u00e0 la terrasse. 3 d&rsquo;entre eux sont situ\u00e9s au rez-de-chauss\u00e9e. 2 de ces 3 chambres sont reli\u00e9es \u00e0 la pi\u00e8ce principale de la maison, tandis que la troisi\u00e8me b\u00e9n\u00e9ficie d&rsquo;un acc\u00e8s ind\u00e9pendant depuis la terrasse. La 4e chambre est situ\u00e9e \u00e0 l&rsquo;\u00e9tage inf\u00e9rieur, avec une terrasse priv\u00e9e intime \u00e9quip\u00e9e d&rsquo;un jacuzzi creus\u00e9. Il y a \u00e9galement une buanderie avec lave-linge dans la propri\u00e9t\u00e9, ainsi qu&rsquo;une place de parking priv\u00e9e couverte et ferm\u00e9e par un portail motoris\u00e9. La villa Cocoon est \u00e9quip\u00e9e d&rsquo;un g\u00e9n\u00e9rateur pour pallier aux \u00e9ventuelles coupures de courant, une particularit\u00e9 rarissime sur l&rsquo;\u00eele !<\/p>\n\n\n\n<p class=\"has-contrast-color has-base-background-color has-text-color has-background has-link-color has-medium-font-size wp-elements-64d3055a1001f282030d2e0e67118b25\">Personnel vivant sur place et nettoyant la villa quotidiennement pour garantir que votre s\u00e9jour soit aussi confortable que possible. Gr\u00e2ce \u00e0 notre choix de prestations de qualit\u00e9, nous saurons nous adapter \u00e0 vos souhaits, et faire de votre voyage un s\u00e9jour sur mesure et inoubliable. Nous serons \u00e0 votre disposition tout au long de votre s\u00e9jour pour r\u00e9pondre \u00e0 vos attentes. Nous pouvons organiser votre transfert, organiser la location de scooter ou de voiture livr\u00e9s directement \u00e0 la villa, vous recommander des plages, des restaurants, des spas, des excursions\u2026 Ou d&rsquo;autres services personnalis\u00e9s tels que : nounou \u00e0 domicile, chef tha\u00eflandais pour le d\u00eener ou le petit-d\u00e9jeuner, service de blanchisserie pour votre linge personnel. , coach sportif, professeur de yoga ou de boxe pour un cours particulier \u00e0 la villa\u2026 Nous attendons de vous recevoir! <\/p>\n\n\n\n<p class=\"has-contrast-color has-base-background-color has-text-color has-background has-link-color has-medium-font-size wp-elements-a2d15a8ebf60d5ac142945ba30515ec5\">Inclus dans le prix: Entretien piscine (2 x semaine), internet (fibre optique), m\u00e9nage quotidien, changement du linge (draps, serviettes de bain et piscine) 1 x 4 jours, consommation d&rsquo;eau, transfert en taxi depuis le port ou l&rsquo;a\u00e9roport. <\/p>\n\n\n\n<p class=\"has-contrast-color has-base-background-color has-text-color has-background has-link-color has-medium-font-size wp-elements-a62a70503de53c6534b2458187e3dc94\">Non inclus dans le prix \u2013 frais suppl\u00e9mentaires : Votre consommation \u00e9lectrique (8 THB\/kwh)<br>Une photo de relev\u00e9 de compteur sera prise lors de l&rsquo;enregistrement et du d\u00e9part.<\/p>\n\n\n\n<p><\/p>\n\n\n\n<p><\/p>\n","protected":false},"excerpt":{"rendered":"<p>Situ\u00e9e sur les hauteurs de Chaweng Noi, \u00e0 seulement 1 km de la route principale et de la plage, cette somptueuse villa d&rsquo;architecte de 4 chambres b\u00e9n\u00e9ficie d&rsquo;une vue panoramique exceptionnelle sur la mer et les tropiques. La villa Cocoon s\u00e9duira par son design unique et luxueux, son s\u00e9jour lumineux avec de hauts plafonds, sa [&hellip;]<\/p>\n","protected":false},"author":1,"featured_media":0,"parent":0,"menu_order":0,"comment_status":"closed","ping_status":"open","template":"","meta":{"footnotes":""},"class_list":["post-2","page","type-page","status-publish","hentry"],"_links":{"self":[{"href":"https:\/\/www.villa-cocoon-koh-samui.com\/index.php?rest_route=\/wp\/v2\/pages\/2","targetHints":{"allow":["GET"]}}],"collection":[{"href":"https:\/\/www.villa-cocoon-koh-samui.com\/index.php?rest_route=\/wp\/v2\/pages"}],"about":[{"href":"https:\/\/www.villa-cocoon-koh-samui.com\/index.php?rest_route=\/wp\/v2\/types\/page"}],"author":[{"embeddable":true,"href":"https:\/\/www.villa-cocoon-koh-samui.com\/index.php?rest_route=\/wp\/v2\/users\/1"}],"replies":[{"embeddable":true,"href":"https:\/\/www.villa-cocoon-koh-samui.com\/index.php?rest_route=%2Fwp%2Fv2%2Fcomments&post=2"}],"version-history":[{"count":6,"href":"https:\/\/www.villa-cocoon-koh-samui.com\/index.php?rest_route=\/wp\/v2\/pages\/2\/revisions"}],"predecessor-version":[{"id":614,"href":"https:\/\/www.villa-cocoon-koh-samui.com\/index.php?rest_route=\/wp\/v2\/pages\/2\/revisions\/614"}],"wp:attachment":[{"href":"https:\/\/www.villa-cocoon-koh-samui.com\/index.php?rest_route=%2Fwp%2Fv2%2Fmedia&parent=2"}],"curies":[{"name":"wp","href":"https:\/\/api.w.org\/{rel}","templated":true}]}}